{"id":409,"date":"2017-09-21T13:15:18","date_gmt":"2017-09-21T13:15:18","guid":{"rendered":"http:\/\/quanticalabs.com\/wptest\/cleanmate\/?page_id=409"},"modified":"2025-06-01T21:28:58","modified_gmt":"2025-06-01T20:28:58","slug":"our-services","status":"publish","type":"page","link":"https:\/\/alinaclean.be\/fr\/our-services\/","title":{"rendered":"Nos Services"},"content":{"rendered":"<div class=\"wpb-content-wrapper\"><div class=\"vc_row wpb_row vc_row-fluid padding-bottom-100 page-margin-top-section\"><div class=\"wpb_column vc_column_container vc_col-sm-12\"><div class=\"wpb_wrapper\"><ul class=\"services-list clearfix gray\"><li class=\"vc_row wpb_row vc_row-fluid\"><ul><li><a href=\"https:\/\/alinaclean.be\/fr\/services\/move-out-cleaning\/\" title=\"Nettoyage apr\u00e8s d\u00e9m\u00e9nagement\"><img decoding=\"async\" loading=\"lazy\" width=\"480\" height=\"320\" src=\"https:\/\/alinaclean.be\/wp-content\/uploads\/MoveOutAlinaCleanBrussels-480x320.webp\" class=\"attachment-medium-thumb size-medium-thumb wp-post-image\" alt=\"Move out cleaning\" title=\"\" srcset=\"https:\/\/alinaclean.be\/wp-content\/uploads\/MoveOutAlinaCleanBrussels-480x320.webp 480w, https:\/\/alinaclean.be\/wp-content\/uploads\/MoveOutAlinaCleanBrussels-960x640.webp 960w, https:\/\/alinaclean.be\/wp-content\/uploads\/MoveOutAlinaCleanBrussels-370x246.webp 370w\" sizes=\"auto, (max-width: 480px) 100vw, 480px\" \/><\/a><h4 class=\"box-header\"><a href=\"https:\/\/alinaclean.be\/fr\/services\/move-out-cleaning\/\" title=\"Nettoyage apr\u00e8s d\u00e9m\u00e9nagement\">Nettoyage apr\u00e8s d\u00e9m\u00e9nagement<\/a><\/h4><p>Professional move out cleaning services in Brussels. Thorough, eco-friendly, and reliable cleaning to ensure your property is spotless and ready for new occupants. Satisfaction guaranteed.<\/p>\n<\/li><li><a href=\"https:\/\/alinaclean.be\/fr\/services\/office-cleaning\/\" title=\"Nettoyage de bureaux\"><img decoding=\"async\" loading=\"lazy\" width=\"480\" height=\"320\" src=\"https:\/\/alinaclean.be\/wp-content\/uploads\/officecleaningAlinaCleanBrussels-480x320.webp\" class=\"attachment-medium-thumb size-medium-thumb wp-post-image\" alt=\"Office cleaning\" title=\"\" srcset=\"https:\/\/alinaclean.be\/wp-content\/uploads\/officecleaningAlinaCleanBrussels-480x320.webp 480w, https:\/\/alinaclean.be\/wp-content\/uploads\/officecleaningAlinaCleanBrussels-960x640.webp 960w, https:\/\/alinaclean.be\/wp-content\/uploads\/officecleaningAlinaCleanBrussels-370x246.webp 370w\" sizes=\"auto, (max-width: 480px) 100vw, 480px\" \/><\/a><h4 class=\"box-header\"><a href=\"https:\/\/alinaclean.be\/fr\/services\/office-cleaning\/\" title=\"Nettoyage de bureaux\">Nettoyage de bureaux<\/a><\/h4><p>Un nettoyage de bureaux professionnel garantit un espace de travail sain et productif. Le nettoyage approfondi des bureaux, des sanitaires et des espaces communs cr\u00e9e un environnement ordonn\u00e9 pour les employ\u00e9s et les clients.<\/p>\n<\/li><li><a href=\"https:\/\/alinaclean.be\/fr\/services\/post-construction-cleaning-brussels\/\" title=\"Apr\u00e8s construction\"><img decoding=\"async\" loading=\"lazy\" width=\"480\" height=\"320\" src=\"https:\/\/alinaclean.be\/wp-content\/uploads\/PostConstructionAlinaClean.webp\" class=\"attachment-medium-thumb size-medium-thumb wp-post-image\" alt=\"Post construction\" title=\"\" srcset=\"https:\/\/alinaclean.be\/wp-content\/uploads\/PostConstructionAlinaClean.webp 480w, https:\/\/alinaclean.be\/wp-content\/uploads\/PostConstructionAlinaClean-300x200.webp 300w, https:\/\/alinaclean.be\/wp-content\/uploads\/PostConstructionAlinaClean-370x246.webp 370w\" sizes=\"auto, (max-width: 480px) 100vw, 480px\" \/><\/a><h4 class=\"box-header\"><a href=\"https:\/\/alinaclean.be\/fr\/services\/post-construction-cleaning-brussels\/\" title=\"Apr\u00e8s construction\">Apr\u00e8s construction<\/a><\/h4><p>Notre service de nettoyage apr\u00e8s construction transforme votre espace nouvellement construit ou r\u00e9nov\u00e9 en un environnement propre et accueillant. Nous \u00e9liminons la poussi\u00e8re, les d\u00e9bris et les r\u00e9sidus de construction, en veillant \u00e0 ce que chaque recoin soit impeccable et pr\u00eat \u00e0 l'emploi.<\/p>\n<\/li><\/ul><\/li><li class=\"vc_row wpb_row vc_row-fluid\"><ul><li><a href=\"https:\/\/alinaclean.be\/fr\/services\/car-park-cleaning-services\/\" title=\"Nettoyage d&#039;entretien de garage\"><img decoding=\"async\" loading=\"lazy\" width=\"479\" height=\"320\" src=\"https:\/\/alinaclean.be\/wp-content\/uploads\/Parking4AlinaClean.webp\" class=\"attachment-medium-thumb size-medium-thumb wp-post-image\" alt=\"Garage maintenance cleaning\" title=\"\" srcset=\"https:\/\/alinaclean.be\/wp-content\/uploads\/Parking4AlinaClean.webp 479w, https:\/\/alinaclean.be\/wp-content\/uploads\/Parking4AlinaClean-300x200.webp 300w, https:\/\/alinaclean.be\/wp-content\/uploads\/Parking4AlinaClean-370x246.webp 370w\" sizes=\"auto, (max-width: 479px) 100vw, 479px\" \/><\/a><h4 class=\"box-header\"><a href=\"https:\/\/alinaclean.be\/fr\/services\/car-park-cleaning-services\/\" title=\"Nettoyage d&#039;entretien de garage\">Nettoyage d'entretien de garage<\/a><\/h4><p>Des services de nettoyage professionnels pour les parkings souterrains qui garantissent un environnement s\u00fbr et accueillant. Ce service comprend l'\u00e9limination compl\u00e8te de la salet\u00e9, des d\u00e9bris et des taches, favorisant la propret\u00e9 et am\u00e9liorant l'aspect g\u00e9n\u00e9ral de l'installation.<\/p>\n<\/li><li><a href=\"https:\/\/alinaclean.be\/fr\/services\/after-party-cleaning\/\" title=\"Apr\u00e8s-f\u00eate\"><img decoding=\"async\" loading=\"lazy\" width=\"480\" height=\"317\" src=\"https:\/\/alinaclean.be\/wp-content\/uploads\/AfterPartyCleaning5AlinaClean.webp\" class=\"attachment-medium-thumb size-medium-thumb wp-post-image\" alt=\"After party\" title=\"\" srcset=\"https:\/\/alinaclean.be\/wp-content\/uploads\/AfterPartyCleaning5AlinaClean.webp 480w, https:\/\/alinaclean.be\/wp-content\/uploads\/AfterPartyCleaning5AlinaClean-300x198.webp 300w\" sizes=\"auto, (max-width: 480px) 100vw, 480px\" \/><\/a><h4 class=\"box-header\"><a href=\"https:\/\/alinaclean.be\/fr\/services\/after-party-cleaning\/\" title=\"Apr\u00e8s-f\u00eate\">Apr\u00e8s-f\u00eate<\/a><\/h4><p>Alina Clean propose un service de nettoyage apr\u00e8s-f\u00eate professionnel, prenant en charge toutes les zones, y compris les cuisines et les salles de bain. Nous \u00e9liminons les d\u00e9chets, les d\u00e9versements et les restes, en restaurant votre espace rapidement et efficacement.<\/p>\n<\/li><li><a href=\"https:\/\/alinaclean.be\/fr\/services\/it-equipment-cleaning\/\" title=\"Nettoyage de mat\u00e9riel informatique\"><img decoding=\"async\" loading=\"lazy\" width=\"480\" height=\"320\" src=\"https:\/\/alinaclean.be\/wp-content\/uploads\/ITequipmentAlinaClean.webp\" class=\"attachment-medium-thumb size-medium-thumb wp-post-image\" alt=\"IT Equipment Cleaning\" title=\"\" srcset=\"https:\/\/alinaclean.be\/wp-content\/uploads\/ITequipmentAlinaClean.webp 480w, https:\/\/alinaclean.be\/wp-content\/uploads\/ITequipmentAlinaClean-300x200.webp 300w, https:\/\/alinaclean.be\/wp-content\/uploads\/ITequipmentAlinaClean-370x246.webp 370w\" sizes=\"auto, (max-width: 480px) 100vw, 480px\" \/><\/a><h4 class=\"box-header\"><a href=\"https:\/\/alinaclean.be\/fr\/services\/it-equipment-cleaning\/\" title=\"Nettoyage de mat\u00e9riel informatique\">Nettoyage de mat\u00e9riel informatique<\/a><\/h4><p>Nous assurons un nettoyage expert pour tous les \u00e9quipements informatiques, garantissant une performance optimale et l'hygi\u00e8ne en \u00e9liminant la poussi\u00e8re, les d\u00e9bris et les germes des \u00e9crans, des claviers, des postes de travail, et plus encore.<\/p>\n<\/li><\/ul><\/li><\/ul><\/div><\/div><\/div>\n<\/div>","protected":false},"excerpt":{"rendered":"Move out cleaningProfessional move out cleaning services in Brussels. Thorough, eco-friendly, and reliable cleaning to ensure your property is spotless and ready for new occupants. Satisfaction guaranteed. Office cleaningProfessional office cleaning ensures a healthy and productive workspace. Thorough cleaning of desks, restrooms, and common areas creates a tidy environment for employees and clients alike. Post","protected":false},"author":1,"featured_media":0,"parent":0,"menu_order":0,"comment_status":"closed","ping_status":"closed","template":"","meta":{"nf_dc_page":"","footnotes":""},"class_list":["post-409","page","type-page","status-publish","hentry"],"yoast_head":"<!-- This site is optimized with the Yoast SEO Premium plugin v27.4 (Yoast SEO v27.4) - https:\/\/yoast.com\/product\/yoast-seo-premium-wordpress\/ -->\n<title>Our Services - Alina Clean<\/title>\n<meta name=\"robots\" content=\"index, follow, max-snippet:-1, max-image-preview:large, max-video-preview:-1\" \/>\n<link rel=\"canonical\" href=\"https:\/\/alinaclean.be\/fr\/our-services\/\" \/>\n<meta property=\"og:locale\" content=\"fr_FR\" \/>\n<meta property=\"og:type\" content=\"article\" \/>\n<meta property=\"og:title\" content=\"Our Services\" \/>\n<meta property=\"og:url\" content=\"https:\/\/alinaclean.be\/fr\/our-services\/\" \/>\n<meta property=\"og:site_name\" content=\"Alina Clean\" \/>\n<meta property=\"article:modified_time\" content=\"2025-06-01T20:28:58+00:00\" \/>\n<meta name=\"twitter:card\" content=\"summary_large_image\" \/>\n<script type=\"application\/ld+json\" class=\"yoast-schema-graph\">{\"@context\":\"https:\\\/\\\/schema.org\",\"@graph\":[{\"@type\":\"WebPage\",\"@id\":\"https:\\\/\\\/alinaclean.be\\\/our-services\\\/\",\"url\":\"https:\\\/\\\/alinaclean.be\\\/our-services\\\/\",\"name\":\"Our Services - Alina Clean\",\"isPartOf\":{\"@id\":\"https:\\\/\\\/alinaclean.be\\\/#website\"},\"datePublished\":\"2017-09-21T13:15:18+00:00\",\"dateModified\":\"2025-06-01T20:28:58+00:00\",\"breadcrumb\":{\"@id\":\"https:\\\/\\\/alinaclean.be\\\/our-services\\\/#breadcrumb\"},\"inLanguage\":\"fr-BE\",\"potentialAction\":[{\"@type\":\"ReadAction\",\"target\":[\"https:\\\/\\\/alinaclean.be\\\/our-services\\\/\"]}]},{\"@type\":\"BreadcrumbList\",\"@id\":\"https:\\\/\\\/alinaclean.be\\\/our-services\\\/#breadcrumb\",\"itemListElement\":[{\"@type\":\"ListItem\",\"position\":1,\"name\":\"Home\",\"item\":\"https:\\\/\\\/alinaclean.be\\\/\"},{\"@type\":\"ListItem\",\"position\":2,\"name\":\"Our Services\"}]},{\"@type\":\"WebSite\",\"@id\":\"https:\\\/\\\/alinaclean.be\\\/#website\",\"url\":\"https:\\\/\\\/alinaclean.be\\\/\",\"name\":\"Alina Clean\",\"description\":\"Cleaning made easy\",\"potentialAction\":[{\"@type\":\"SearchAction\",\"target\":{\"@type\":\"EntryPoint\",\"urlTemplate\":\"https:\\\/\\\/alinaclean.be\\\/?s={search_term_string}\"},\"query-input\":{\"@type\":\"PropertyValueSpecification\",\"valueRequired\":true,\"valueName\":\"search_term_string\"}}],\"inLanguage\":\"fr-BE\"}]}<\/script>\n<!-- \/ Yoast SEO Premium plugin. -->","yoast_head_json":{"title":"Our Services - Alina Clean","robots":{"index":"index","follow":"follow","max-snippet":"max-snippet:-1","max-image-preview":"max-image-preview:large","max-video-preview":"max-video-preview:-1"},"canonical":"https:\/\/alinaclean.be\/fr\/our-services\/","og_locale":"fr_FR","og_type":"article","og_title":"Our Services","og_url":"https:\/\/alinaclean.be\/fr\/our-services\/","og_site_name":"Alina Clean","article_modified_time":"2025-06-01T20:28:58+00:00","twitter_card":"summary_large_image","schema":{"@context":"https:\/\/schema.org","@graph":[{"@type":"WebPage","@id":"https:\/\/alinaclean.be\/our-services\/","url":"https:\/\/alinaclean.be\/our-services\/","name":"Our Services - Alina Clean","isPartOf":{"@id":"https:\/\/alinaclean.be\/#website"},"datePublished":"2017-09-21T13:15:18+00:00","dateModified":"2025-06-01T20:28:58+00:00","breadcrumb":{"@id":"https:\/\/alinaclean.be\/our-services\/#breadcrumb"},"inLanguage":"fr-BE","potentialAction":[{"@type":"ReadAction","target":["https:\/\/alinaclean.be\/our-services\/"]}]},{"@type":"BreadcrumbList","@id":"https:\/\/alinaclean.be\/our-services\/#breadcrumb","itemListElement":[{"@type":"ListItem","position":1,"name":"Home","item":"https:\/\/alinaclean.be\/"},{"@type":"ListItem","position":2,"name":"Our Services"}]},{"@type":"WebSite","@id":"https:\/\/alinaclean.be\/#website","url":"https:\/\/alinaclean.be\/","name":"Alina Clean","description":"Cleaning made easy","potentialAction":[{"@type":"SearchAction","target":{"@type":"EntryPoint","urlTemplate":"https:\/\/alinaclean.be\/?s={search_term_string}"},"query-input":{"@type":"PropertyValueSpecification","valueRequired":true,"valueName":"search_term_string"}}],"inLanguage":"fr-BE"}]}},"_links":{"self":[{"href":"https:\/\/alinaclean.be\/fr\/wp-json\/wp\/v2\/pages\/409","targetHints":{"allow":["GET"]}}],"collection":[{"href":"https:\/\/alinaclean.be\/fr\/wp-json\/wp\/v2\/pages"}],"about":[{"href":"https:\/\/alinaclean.be\/fr\/wp-json\/wp\/v2\/types\/page"}],"author":[{"embeddable":true,"href":"https:\/\/alinaclean.be\/fr\/wp-json\/wp\/v2\/users\/1"}],"replies":[{"embeddable":true,"href":"https:\/\/alinaclean.be\/fr\/wp-json\/wp\/v2\/comments?post=409"}],"version-history":[{"count":2,"href":"https:\/\/alinaclean.be\/fr\/wp-json\/wp\/v2\/pages\/409\/revisions"}],"predecessor-version":[{"id":1618,"href":"https:\/\/alinaclean.be\/fr\/wp-json\/wp\/v2\/pages\/409\/revisions\/1618"}],"wp:attachment":[{"href":"https:\/\/alinaclean.be\/fr\/wp-json\/wp\/v2\/media?parent=409"}],"curies":[{"name":"wp","href":"https:\/\/api.w.org\/{rel}","templated":true}]}}