{"id":332,"date":"2017-09-19T12:12:42","date_gmt":"2017-09-19T12:12:42","guid":{"rendered":"http:\/\/quanticalabs.com\/wptest\/cleanmate\/?page_id=332"},"modified":"2025-06-01T20:54:03","modified_gmt":"2025-06-01T19:54:03","slug":"about","status":"publish","type":"page","link":"https:\/\/alinaclean.be\/fr\/about\/","title":{"rendered":"\u00c0 propos"},"content":{"rendered":"<div class=\"wpb-content-wrapper\"><div class=\"vc_row wpb_row vc_row-fluid\"><div class=\"wpb_column vc_column_container vc_col-sm-12\"><div class=\"wpb_wrapper\">\n\t<div class=\"wpb_text_column wpb_content_element\" >\n\t\t<div class=\"wpb_wrapper\">\n\t\t\t\n\t\t<\/div>\n\t<\/div>\n<\/div><\/div><\/div><div class=\"vc_row wpb_row vc_row-fluid page-margin-top-section\"><div class=\"wpb_column vc_column_container vc_col-sm-6\"><div class=\"wpb_wrapper\">\n\t<div  class=\"wpb_single_image wpb_content_element vc_align_left wpb_content_element  cm-lightbox\">\n\t\t\n\t\t<figure class=\"wpb_wrapper vc_figure\">\n\t\t\t<div class=\"vc_single_image-wrapper   vc_box_border_grey\"><img decoding=\"async\" class=\"vc_single_image-img\"  src=\"\/photo\/SusAlinaClean.webp\" \/><\/div>\n\t\t<\/figure>\n\t<\/div>\n<div class=\"vc_row wpb_row vc_inner vc_row-fluid margin-top-30\"><div class=\"wpb_column vc_column_container vc_col-sm-6\"><div class=\"vc_column-inner\"><div class=\"wpb_wrapper\">\n\t<div  class=\"wpb_single_image wpb_content_element vc_align_left wpb_content_element  cm-lightbox\">\n\t\t\n\t\t<figure class=\"wpb_wrapper vc_figure\">\n\t\t\t<div class=\"vc_single_image-wrapper   vc_box_border_grey\"><img decoding=\"async\" class=\"vc_single_image-img\"  src=\"\/photo\/StangaAlinaClean.webp\" \/><\/div>\n\t\t<\/figure>\n\t<\/div>\n<\/div><\/div><\/div><div class=\"wpb_column vc_column_container vc_col-sm-6\"><div class=\"vc_column-inner\"><div class=\"wpb_wrapper\">\n\t<div  class=\"wpb_single_image wpb_content_element vc_align_left wpb_content_element  cm-lightbox\">\n\t\t\n\t\t<figure class=\"wpb_wrapper vc_figure\">\n\t\t\t<div class=\"vc_single_image-wrapper   vc_box_border_grey\"><img decoding=\"async\" class=\"vc_single_image-img\"  src=\"\/photo\/DreaptaAlinaClean.webp\" \/><\/div>\n\t\t<\/figure>\n\t<\/div>\n<\/div><\/div><\/div><\/div><\/div><\/div><div class=\"wpb_column vc_column_container vc_col-sm-6\"><div class=\"wpb_wrapper\"><div class=\"vc_row wpb_row vc_inner vc_row-fluid padding-left-right-30\"><div class=\"wpb_column vc_column_container vc_col-sm-12\"><div class=\"vc_column-inner\"><div class=\"wpb_wrapper\"><h2 class=\"box-header align-left\">QUI NOUS SOMMES<\/h2>\n\t<div class=\"wpb_text_column wpb_content_element description\" >\n\t\t<div class=\"wpb_wrapper\">\n\t\t\t<p>Alina Clean est une entreprise de nettoyage de confiance situ\u00e9e \u00e0 Bruxelles, offrant des services de nettoyage de haute qualit\u00e9 pour les maisons et les entreprises. Forts de plus de 10 ans d'exp\u00e9rience, nous sommes fiers de fournir un nettoyage exceptionnel \u00e0 des prix abordables.<\/p>\n\n\t\t<\/div>\n\t<\/div>\n\n\t<div class=\"wpb_text_column wpb_content_element padding-0 margin-top-27\" >\n\t\t<div class=\"wpb_wrapper\">\n\t\t\t<p>Nous nous concentrons sur l'\u00e9tablissement de relations solides avec nos clients, garantissant fiabilit\u00e9 et professionnalisme. \u00c0 mesure que notre capacit\u00e9 op\u00e9rationnelle a augment\u00e9, nous avons \u00e9largi nos services pour r\u00e9pondre aux besoins de davantage de clients tout en maintenant nos normes \u00e9lev\u00e9es.<\/p>\n<p>Choose Alina Clean for your daily cleaning needs. Join our loyal customer base and experience why we are the preferred choice for cleaning services in Brussels.<\/p>\n\n\t\t<\/div>\n\t<\/div>\n<h4 class=\"box-header margin-top-40 no-border\">NOTRE MISSION EST DE:<\/h4><ul class=\"list margin-top-20\"><\/p>\r\n<ul>\r\n  <li class=\"template-tick-1\"><span>Offrir des services uniques adapt\u00e9s aux familles et aux professionnels.<\/span><\/li><br \/>\r\n  <li class=\"template-tick-1\"><span>Fournir des solutions de nettoyage de haute qualit\u00e9 et coh\u00e9rentes<\/span><\/li><br \/>\r\n  <li class=\"template-tick-1\"><span>Utiliser des produits de nettoyage respectueux de l'environnement<\/span><\/li><br \/>\r\n  <li class=\"template-tick-1\"><span>Offrir des emplois stables avec des salaires \u00e9quitables<\/span><\/li><br \/>\r\n  <li class=\"template-tick-1\"><span>Se concentrer sur le maintien de normes de service \u00e9lev\u00e9es<\/span><\/li><br \/>\r\n  <li class=\"template-tick-1\"><span>Garantir votre satisfaction totale<\/span><\/li>\r\n<\/ul>\r\n<p><\/ul><\/div><\/div><\/div><\/div><\/div><\/div><\/div><div class=\"vc_row wpb_row vc_row-fluid page-padding-top-section padding-bottom-100 vc_custom_1510320391770 vc_row-has-fill page-margin-top-section full-width cm-parallax cm-overlay\"><div class=\"wpb_column vc_column_container vc_col-sm-12\"><div class=\"wpb_wrapper\"><div class=\"vc_row wpb_row vc_inner vc_row-fluid\"><div class=\"wpb_column vc_column_container vc_col-sm-12\"><div class=\"vc_column-inner\"><div class=\"wpb_wrapper\"><ul class=\"services-list clearfix services-icons\"><li class=\"vc_row wpb_row vc_row-fluid\"><ul><li><span class=\"service-icon features-pet big tick\"><\/span><div class=\"service-content\"><h4>AMIS DES ANIMAUX<\/h4><p>Nous traitons vos animaux de compagnie comme des membres de la famille.<\/p>\n<\/div><\/li><li><span class=\"service-icon features-delivery big tick\"><\/span><div class=\"service-content\"><h4>TOUJOURS \u00c0 L'HEURE<\/h4><p>Votre temps est important pour nous. Nous proposons un service de nettoyage qui respecte toujours les d\u00e9lais.<\/p>\n<\/div><\/li><\/ul><\/li><\/ul><\/div><\/div><\/div><\/div><\/div><\/div><\/div><div class=\"vc_row wpb_row vc_row-fluid padding-bottom-66 page-margin-top-section\"><div class=\"wpb_column vc_column_container vc_col-sm-8\"><div class=\"wpb_wrapper\"><h3 class=\"box-header no-border\">POURQUOI FAIRE APPEL A NOUS<\/h3>\n\t<div class=\"wpb_text_column wpb_content_element description\" >\n\t\t<div class=\"wpb_wrapper\">\n\t\t\t<p>Chez Alina Clean, nous nous engageons \u00e0 fournir des services de nettoyage adapt\u00e9s \u00e0 vos besoins. Notre engagement envers la qualit\u00e9, la satisfaction client et les pratiques respectueuses de l'environnement nous distingue. Avec un accent sur l'\u00e9tablissement de relations durables, nous garantissons que chaque service est r\u00e9alis\u00e9 avec soin et pr\u00e9cision. Choisissez-nous pour un environnement plus propre et plus sain, ainsi qu'un partenaire fiable en qui vous pouvez avoir confiance.<\/p>\n\n\t\t<\/div>\n\t<\/div>\n<div class=\"vc_row wpb_row vc_inner vc_row-fluid page-margin-top\"><div class=\"wpb_column vc_column_container vc_col-sm-6\"><div class=\"vc_column-inner\"><div class=\"wpb_wrapper\"><div class=\"feature-item\"><div class=\"icon features-home-4\"><\/div><h4>NOUS NOUS SOUCIONS DE VOTRE MAISON<\/h4><p>Nous nous soucions de votre nettoyage \u00e0 domicile, et nous ne sommes satisfaits que lorsque vous l'\u00eates.<\/p><\/div><\/div><\/div><\/div><div class=\"wpb_column vc_column_container vc_col-sm-6\"><div class=\"vc_column-inner\"><div class=\"wpb_wrapper\"><div class=\"feature-item\"><div class=\"icon features-location-1\"><\/div><h4>NOUS SOMMES PROCHE DE VOUS<\/h4><p>Nous servons fi\u00e8rement l'ensemble de la r\u00e9gion de Bruxelles et pouvons g\u00e9rer des projets plus importants dans d'autres localit\u00e9s.<\/p><\/div><\/div><\/div><\/div><\/div><div class=\"vc_row wpb_row vc_inner vc_row-fluid page-margin-top\"><div class=\"wpb_column vc_column_container vc_col-sm-6\"><div class=\"vc_column-inner\"><div class=\"wpb_wrapper\"><div class=\"feature-item\"><div class=\"icon features-construction\"><\/div><h4>NETTOYAGE APR\u00c8S CONSTRUCTION<\/h4><p>We specialize in post-construction cleaning to ensure your new space is pristine and ready for use.<\/p><\/div><\/div><\/div><\/div><div class=\"wpb_column vc_column_container vc_col-sm-6\"><div class=\"vc_column-inner\"><div class=\"wpb_wrapper\"><div class=\"feature-item\"><div class=\"icon features-trolley\"><\/div><h4>NETTOYAGE DE SORTIE\/ENTR\u00c9E<\/h4><p>Nos services de nettoyage de sortie\/entr\u00e9e vous aident \u00e0 effectuer une transition en douceur, laissant votre ancien espace impeccable.<\/p><\/div><\/div><\/div><\/div><\/div><div class=\"vc_row wpb_row vc_inner vc_row-fluid page-margin-top\"><div class=\"wpb_column vc_column_container vc_col-sm-6\"><div class=\"vc_column-inner\"><div class=\"wpb_wrapper\"><div class=\"feature-item\"><div class=\"icon features-wrench\"><\/div><h4>PETITS TRAVAUX DE R\u00c9PARATION<\/h4><p>Nous proposons non seulement des services de nettoyage, mais \u00e9galement des petits travaux de r\u00e9paration pour r\u00e9pondre \u00e0 vos besoins.<\/p><\/div><\/div><\/div><\/div><div class=\"wpb_column vc_column_container vc_col-sm-6\"><div class=\"vc_column-inner\"><div class=\"wpb_wrapper\"><div class=\"feature-item\"><div class=\"icon features-vacuum-cleaner\"><\/div><h4>NETTOYAGE INDUSTRIEL<\/h4><p>Nous proposons une vari\u00e9t\u00e9 de services de nettoyage et d'entretien industriel adapt\u00e9s \u00e0 vos besoins.<\/p><\/div><\/div><\/div><\/div><\/div><\/div><\/div><div class=\"wpb_column vc_column_container vc_col-sm-4\"><div class=\"wpb_wrapper\"><ul class=\"services-list clearfix services-icons\"><li class=\"vc_row wpb_row vc_row-fluid\"><ul><li class=\"cm-background cm-overlay excerpt-big-size\" style=\"background-image: url(https:\/\/alinaclean.be\/wp-content\/uploads\/AlinacleanSpecialoffer.webp)\"><a href=\"https:\/\/booking.vivid.cleaning\/\" title=\"OFFRE SP\u00c9CIALE DE NETTOYAGE\"><span class=\"service-icon features-wallet\"><\/span><\/a><div class=\"service-content\"><h4><a href=\"https:\/\/booking.vivid.cleaning\/\" title=\"OFFRE SP\u00c9CIALE DE NETTOYAGE\">OFFRE SP\u00c9CIALE DE NETTOYAGE<\/a><\/h4><p>Profitez d'une remise de 5 % sur votre prochain service lorsque vous venez \u00e0 nous par le biais d'une recommandation. Votre confiance compte \u00e9norm\u00e9ment pour nous !<\/p>\n<div class=\"align-center margin-top-42 padding-bottom-16\"><a class=\"more\" href=\"https:\/\/booking.vivid.cleaning\/\" title=\"Nous contacter\">Nous contacter<\/a><\/div><\/div><\/li><\/ul><\/li><\/ul><\/div><\/div><\/div><div class=\"vc_row wpb_row vc_row-fluid padding-top-89 padding-bottom-100 vc_custom_1505914370877 vc_row-has-fill full-width\"><div class=\"wpb_column vc_column_container vc_col-sm-12\"><div class=\"wpb_wrapper\"><div class=\"vc_row wpb_row vc_inner vc_row-fluid\"><div class=\"wpb_column vc_column_container vc_col-sm-6\"><div class=\"vc_column-inner\"><div class=\"wpb_wrapper\"><h3 class=\"box-header no-border\">NOS COLLABORATEURS<\/h3><div class=\"our-clients-list-container margin-top-40 type-list\">\r\n\t\t\t\t\t<ul class=\"our-clients-list autoplay-0 type-list\"><li class=\"vertical-align\"><div class=\"our-clients-item-container\"><div class=\"vertical-align-cell\"><img loading=\"lazy\" decoding=\"async\" width=\"225\" height=\"225\" src=\"https:\/\/alinaclean.be\/wp-content\/uploads\/3m.png\" class=\"attachment-full size-full\" alt=\"\" srcset=\"https:\/\/alinaclean.be\/wp-content\/uploads\/3m.png 225w, https:\/\/alinaclean.be\/wp-content\/uploads\/3m-150x150.png 150w, https:\/\/alinaclean.be\/wp-content\/uploads\/3m-90x90.png 90w\" sizes=\"auto, (max-width: 225px) 100vw, 225px\" \/><\/div><\/div><\/li><li class=\"vertical-align\"><div class=\"our-clients-item-container\"><div class=\"vertical-align-cell\"><img loading=\"lazy\" decoding=\"async\" width=\"500\" height=\"206\" src=\"https:\/\/alinaclean.be\/wp-content\/uploads\/Alpheios.png\" class=\"attachment-full size-full\" alt=\"\" srcset=\"https:\/\/alinaclean.be\/wp-content\/uploads\/Alpheios.png 500w, https:\/\/alinaclean.be\/wp-content\/uploads\/Alpheios-300x124.png 300w\" sizes=\"auto, (max-width: 500px) 100vw, 500px\" \/><\/div><\/div><\/li><li class=\"vertical-align\"><div class=\"our-clients-item-container\"><div class=\"vertical-align-cell\"><img loading=\"lazy\" decoding=\"async\" width=\"245\" height=\"193\" src=\"https:\/\/alinaclean.be\/wp-content\/uploads\/Boma.png\" class=\"attachment-full size-full\" alt=\"\" \/><\/div><\/div><\/li><li class=\"vertical-align\"><div class=\"our-clients-item-container\"><div class=\"vertical-align-cell\"><img loading=\"lazy\" decoding=\"async\" width=\"278\" height=\"181\" src=\"https:\/\/alinaclean.be\/wp-content\/uploads\/Ecover.png\" class=\"attachment-full size-full\" alt=\"\" \/><\/div><\/div><\/li><li class=\"vertical-align\"><div class=\"our-clients-item-container\"><div class=\"vertical-align-cell\"><img loading=\"lazy\" decoding=\"async\" width=\"225\" height=\"225\" src=\"https:\/\/alinaclean.be\/wp-content\/uploads\/GreenSpeed.png\" class=\"attachment-full size-full\" alt=\"\" srcset=\"https:\/\/alinaclean.be\/wp-content\/uploads\/GreenSpeed.png 225w, https:\/\/alinaclean.be\/wp-content\/uploads\/GreenSpeed-150x150.png 150w, https:\/\/alinaclean.be\/wp-content\/uploads\/GreenSpeed-90x90.png 90w\" sizes=\"auto, (max-width: 225px) 100vw, 225px\" \/><\/div><\/div><\/li><li class=\"vertical-align\"><div class=\"our-clients-item-container\"><div class=\"vertical-align-cell\"><img loading=\"lazy\" decoding=\"async\" width=\"225\" height=\"225\" src=\"https:\/\/alinaclean.be\/wp-content\/uploads\/Mondo.png\" class=\"attachment-full size-full\" alt=\"\" srcset=\"https:\/\/alinaclean.be\/wp-content\/uploads\/Mondo.png 225w, https:\/\/alinaclean.be\/wp-content\/uploads\/Mondo-150x150.png 150w, https:\/\/alinaclean.be\/wp-content\/uploads\/Mondo-90x90.png 90w\" sizes=\"auto, (max-width: 225px) 100vw, 225px\" \/><\/div><\/div><\/li><li class=\"vertical-align\"><div class=\"our-clients-item-container\"><div class=\"vertical-align-cell\"><img loading=\"lazy\" decoding=\"async\" width=\"242\" height=\"208\" src=\"https:\/\/alinaclean.be\/wp-content\/uploads\/Pollet.jpg\" class=\"attachment-full size-full\" alt=\"\" \/><\/div><\/div><\/li><li class=\"vertical-align\"><div class=\"our-clients-item-container\"><div class=\"vertical-align-cell\"><img loading=\"lazy\" decoding=\"async\" width=\"208\" height=\"58\" src=\"https:\/\/alinaclean.be\/wp-content\/uploads\/proequip.png\" class=\"attachment-full size-full\" alt=\"\" \/><\/div><\/div><\/li><li class=\"vertical-align\"><div class=\"our-clients-item-container\"><div class=\"vertical-align-cell\"><img loading=\"lazy\" decoding=\"async\" width=\"318\" height=\"159\" src=\"https:\/\/alinaclean.be\/wp-content\/uploads\/Vileda.png\" class=\"attachment-full size-full\" alt=\"\" srcset=\"https:\/\/alinaclean.be\/wp-content\/uploads\/Vileda.png 318w, https:\/\/alinaclean.be\/wp-content\/uploads\/Vileda-300x150.png 300w\" sizes=\"auto, (max-width: 318px) 100vw, 318px\" \/><\/div><\/div><\/li><\/ul><div class=\"cm-carousel-pagination\"><\/div><\/div><\/div><\/div><\/div><div class=\"wpb_column vc_column_container vc_col-sm-6\"><div class=\"vc_column-inner\"><div class=\"wpb_wrapper\"><h3 class=\"box-header no-border\">AVIS DES CLIENTS<\/h3><div class=\"testimonials-container type-small margin-top-40\"><div class=\"cm-carousel-pagination\"><\/div><ul class=\"testimonials-list testimonials-carousel autoplay-0 pause_on_hover-1 scroll-1 effect-scroll easing-easeInOutQuint duration-750\"><li>\r\n\t\t\t\t\t\t\r\n\t\t\t\t\t\t<p class=\"template-quote\">Alina Clean a transform\u00e9 ma maison! L'\u00e9quipe \u00e9tait professionnelle, minutieuse et a laiss\u00e9 tout \u00e9tincelant. Je recommande vivement!<\/p>\r\n\t\t\t\t\t\t<div class=\"author-details-box\">\r\n\t\t\t\t\t\t<div class=\"author\">Sophie D.<\/div>\r\n\t\t\t\t\t\t\r\n\t\t\t\t\t\t<\/div>\r\n\t\t\t\t\t<\/li><li>\r\n\t\t\t\t\t\t\r\n\t\t\t\t\t\t<p class=\"template-quote\">J'ai utilis\u00e9 Alina Clean pour mon bureau, et ils offrent constamment un service exceptionnel. Le personnel est sympathique et fiable!<\/p>\r\n\t\t\t\t\t\t<div class=\"author-details-box\">\r\n\t\t\t\t\t\t<div class=\"author\">Marc T.<\/div>\r\n\t\t\t\t\t\t\r\n\t\t\t\t\t\t<\/div>\r\n\t\t\t\t\t<\/li><li>\r\n\t\t\t\t\t\t\r\n\t\t\t\t\t\t<p class=\"template-quote\">J'appr\u00e9cie les produits respectueux de l'environnement qu'ils utilisent. Ma maison est fra\u00eeche et s\u00fbre pour mes enfants et mes animaux de compagnie.<\/p>\r\n\t\t\t\t\t\t<div class=\"author-details-box\">\r\n\t\t\t\t\t\t<div class=\"author\">Anthony G.<\/div>\r\n\t\t\t\t\t\t\r\n\t\t\t\t\t\t<\/div>\r\n\t\t\t\t\t<\/li><\/ul><\/div><\/div><\/div><\/div><\/div><\/div><\/div><\/div>\r\n<\/div>","protected":false},"excerpt":{"rendered":"WHO WE ARE Alina Clean is a trusted cleaning company located in Brussels, offering top-quality cleaning services for homes and businesses. With over 10 years of experience, we pride ourselves on delivering exceptional cleaning at affordable prices. We focus on building strong relationships with our clients, ensuring reliability and professionalism. As our operational capacity grew,","protected":false},"author":1,"featured_media":0,"parent":0,"menu_order":0,"comment_status":"closed","ping_status":"closed","template":"","meta":{"nf_dc_page":"","footnotes":""},"class_list":["post-332","page","type-page","status-publish","hentry"],"yoast_head":"<!-- This site is optimized with the Yoast SEO Premium plugin v27.4 (Yoast SEO v27.4) - https:\/\/yoast.com\/product\/yoast-seo-premium-wordpress\/ -->\n<title>About - Alina Clean<\/title>\n<meta name=\"robots\" content=\"index, follow, max-snippet:-1, max-image-preview:large, max-video-preview:-1\" \/>\n<link rel=\"canonical\" href=\"https:\/\/alinaclean.be\/fr\/about\/\" \/>\n<meta property=\"og:locale\" content=\"fr_FR\" \/>\n<meta property=\"og:type\" content=\"article\" \/>\n<meta property=\"og:title\" content=\"About\" \/>\n<meta property=\"og:url\" content=\"https:\/\/alinaclean.be\/fr\/about\/\" \/>\n<meta property=\"og:site_name\" content=\"Alina Clean\" \/>\n<meta property=\"article:modified_time\" content=\"2025-06-01T19:54:03+00:00\" \/>\n<meta name=\"twitter:card\" content=\"summary_large_image\" \/>\n<meta name=\"twitter:label1\" content=\"Dur\u00e9e de lecture est.\" \/>\n\t<meta name=\"twitter:data1\" content=\"5 minutes\" \/>\n<script type=\"application\/ld+json\" class=\"yoast-schema-graph\">{\"@context\":\"https:\\\/\\\/schema.org\",\"@graph\":[{\"@type\":\"WebPage\",\"@id\":\"https:\\\/\\\/alinaclean.be\\\/about\\\/\",\"url\":\"https:\\\/\\\/alinaclean.be\\\/about\\\/\",\"name\":\"About - Alina Clean\",\"isPartOf\":{\"@id\":\"https:\\\/\\\/alinaclean.be\\\/#website\"},\"datePublished\":\"2017-09-19T12:12:42+00:00\",\"dateModified\":\"2025-06-01T19:54:03+00:00\",\"breadcrumb\":{\"@id\":\"https:\\\/\\\/alinaclean.be\\\/about\\\/#breadcrumb\"},\"inLanguage\":\"fr-BE\",\"potentialAction\":[{\"@type\":\"ReadAction\",\"target\":[\"https:\\\/\\\/alinaclean.be\\\/about\\\/\"]}]},{\"@type\":\"BreadcrumbList\",\"@id\":\"https:\\\/\\\/alinaclean.be\\\/about\\\/#breadcrumb\",\"itemListElement\":[{\"@type\":\"ListItem\",\"position\":1,\"name\":\"Home\",\"item\":\"https:\\\/\\\/alinaclean.be\\\/\"},{\"@type\":\"ListItem\",\"position\":2,\"name\":\"About\"}]},{\"@type\":\"WebSite\",\"@id\":\"https:\\\/\\\/alinaclean.be\\\/#website\",\"url\":\"https:\\\/\\\/alinaclean.be\\\/\",\"name\":\"Alina Clean\",\"description\":\"Cleaning made easy\",\"potentialAction\":[{\"@type\":\"SearchAction\",\"target\":{\"@type\":\"EntryPoint\",\"urlTemplate\":\"https:\\\/\\\/alinaclean.be\\\/?s={search_term_string}\"},\"query-input\":{\"@type\":\"PropertyValueSpecification\",\"valueRequired\":true,\"valueName\":\"search_term_string\"}}],\"inLanguage\":\"fr-BE\"}]}<\/script>\n<!-- \/ Yoast SEO Premium plugin. -->","yoast_head_json":{"title":"About - Alina Clean","robots":{"index":"index","follow":"follow","max-snippet":"max-snippet:-1","max-image-preview":"max-image-preview:large","max-video-preview":"max-video-preview:-1"},"canonical":"https:\/\/alinaclean.be\/fr\/about\/","og_locale":"fr_FR","og_type":"article","og_title":"About","og_url":"https:\/\/alinaclean.be\/fr\/about\/","og_site_name":"Alina Clean","article_modified_time":"2025-06-01T19:54:03+00:00","twitter_card":"summary_large_image","twitter_misc":{"Dur\u00e9e de lecture est.":"5 minutes"},"schema":{"@context":"https:\/\/schema.org","@graph":[{"@type":"WebPage","@id":"https:\/\/alinaclean.be\/about\/","url":"https:\/\/alinaclean.be\/about\/","name":"About - Alina Clean","isPartOf":{"@id":"https:\/\/alinaclean.be\/#website"},"datePublished":"2017-09-19T12:12:42+00:00","dateModified":"2025-06-01T19:54:03+00:00","breadcrumb":{"@id":"https:\/\/alinaclean.be\/about\/#breadcrumb"},"inLanguage":"fr-BE","potentialAction":[{"@type":"ReadAction","target":["https:\/\/alinaclean.be\/about\/"]}]},{"@type":"BreadcrumbList","@id":"https:\/\/alinaclean.be\/about\/#breadcrumb","itemListElement":[{"@type":"ListItem","position":1,"name":"Home","item":"https:\/\/alinaclean.be\/"},{"@type":"ListItem","position":2,"name":"About"}]},{"@type":"WebSite","@id":"https:\/\/alinaclean.be\/#website","url":"https:\/\/alinaclean.be\/","name":"Alina Clean","description":"Cleaning made easy","potentialAction":[{"@type":"SearchAction","target":{"@type":"EntryPoint","urlTemplate":"https:\/\/alinaclean.be\/?s={search_term_string}"},"query-input":{"@type":"PropertyValueSpecification","valueRequired":true,"valueName":"search_term_string"}}],"inLanguage":"fr-BE"}]}},"_links":{"self":[{"href":"https:\/\/alinaclean.be\/fr\/wp-json\/wp\/v2\/pages\/332","targetHints":{"allow":["GET"]}}],"collection":[{"href":"https:\/\/alinaclean.be\/fr\/wp-json\/wp\/v2\/pages"}],"about":[{"href":"https:\/\/alinaclean.be\/fr\/wp-json\/wp\/v2\/types\/page"}],"author":[{"embeddable":true,"href":"https:\/\/alinaclean.be\/fr\/wp-json\/wp\/v2\/users\/1"}],"replies":[{"embeddable":true,"href":"https:\/\/alinaclean.be\/fr\/wp-json\/wp\/v2\/comments?post=332"}],"version-history":[{"count":9,"href":"https:\/\/alinaclean.be\/fr\/wp-json\/wp\/v2\/pages\/332\/revisions"}],"predecessor-version":[{"id":1614,"href":"https:\/\/alinaclean.be\/fr\/wp-json\/wp\/v2\/pages\/332\/revisions\/1614"}],"wp:attachment":[{"href":"https:\/\/alinaclean.be\/fr\/wp-json\/wp\/v2\/media?parent=332"}],"curies":[{"name":"wp","href":"https:\/\/api.w.org\/{rel}","templated":true}]}}