{"id":1182,"date":"2017-08-31T09:38:05","date_gmt":"2017-08-31T09:38:05","guid":{"rendered":"http:\/\/quanticalabs.com\/wptest\/cleanmate\/?page_id=16"},"modified":"2025-01-10T14:34:46","modified_gmt":"2025-01-10T13:34:46","slug":"home","status":"publish","type":"page","link":"https:\/\/alinaclean.be\/fr\/","title":{"rendered":"Home"},"content":{"rendered":"<div class=\"wpb-content-wrapper\"><div class=\"vc_row wpb_row vc_row-fluid margin-top-89\"><div class=\"wpb_column vc_column_container vc_col-sm-12\"><div class=\"wpb_wrapper\"><h2 class=\"box-header\">POURQUOI FAIRE APPEL A NOUS<\/h2>\n\t<div class=\"wpb_text_column wpb_content_element wpb_animate_when_almost_visible wpb_bounceIn bounceIn description align-center\" >\n\t\t<div class=\"wpb_wrapper\">\n\t\t\t<p>Alina Clean est une entreprise de nettoyage professionnelle situ\u00e9e \u00e0 Bruxelles, offrant une large gamme de services de nettoyage dans toute la ville et ses environs. Choisissez-nous pour notre r\u00e9putation exceptionnelle d'excellence en mati\u00e8re de qualit\u00e9 et de satisfaction client. D\u00e9couvrez la diff\u00e9rence avec Alina Clean d\u00e8s aujourd'hui !<\/p>\n\n\t\t<\/div>\n\t<\/div>\n<\/div><\/div><\/div><div class=\"vc_row wpb_row vc_row-fluid page-margin-top\"><div class=\"wpb_column vc_column_container vc_col-sm-3\"><div class=\"wpb_wrapper\"><div class=\"feature-item align-right margin-top-30\"><div class=\"icon features-support\"><\/div><h4>R\u00c9PONSE IMM\u00c9DIATE ET ASSISTANCE 24H\/24 ET 7J\/7<\/h4><p>Contactez-nous par t\u00e9l\u00e9phone, email, WhatsApp ou via nos r\u00e9seaux sociaux \u2013 nous sommes disponibles pendant les heures de bureau pour vous aider. En tant que client privil\u00e9gi\u00e9, vous b\u00e9n\u00e9ficierez d'un gestionnaire d\u00e9di\u00e9, toujours pr\u00eat \u00e0 vous apporter son soutien en cas de besoin. N'h\u00e9sitez pas \u00e0 nous contacter d\u00e8s aujourd'hui pour toute question ou assistance !<\/p><\/div><div class=\"feature-item align-right page-margin-top\"><div class=\"icon features-eco\"><\/div><h4>NOUS GARANTISSONS LA SATISFACTION CLIENT<\/h4><p>We take pride in our cleaning practices and are dedicated to ensuring the satisfaction of our clients. We maintain high standards by thoroughly understanding your specific requirements, providing before-and-after photography to showcase our work, and fostering strong communication throughout the process. Trust us to deliver exceptional results that meet your expectations every time.<\/p><\/div><\/div><\/div><div class=\"wpb_animate_when_almost_visible wpb_fadeInUp fadeInUp wpb_column vc_column_container vc_col-sm-6\"><div class=\"wpb_wrapper\">\n\t<div  class=\"wpb_single_image wpb_content_element vc_align_center wpb_content_element wpb_animate_when_almost_visible wpb_fadeIn fadeIn\">\n\t\t\n\t\t<figure class=\"wpb_wrapper vc_figure\">\n\t\t\t<div class=\"vc_single_image-wrapper vc_box_circle  vc_box_border_grey\"><img decoding=\"async\" class=\"vc_single_image-img\"  src=\"https:\/\/alinaclean.be\/photo\/WhyChooseAlinaClean-449x449.png\" \/><\/div>\n\t\t<\/figure>\n\t<\/div>\n<\/div><\/div><div class=\"wpb_column vc_column_container vc_col-sm-3\"><div class=\"wpb_wrapper\"><div class=\"feature-item margin-top-30\"><div class=\"icon features-maid\"><\/div><h4>NOUS AVONS L'EXP\u00c9RIENCE<\/h4><p>Peu importe ce que d'autres peuvent affirmer, l'exp\u00e9rience joue un r\u00f4le crucial dans les services de nettoyage. Notre \u00e9quipe travaille plus efficacement et avec plus de pr\u00e9cision que vous ne pourriez le faire seul. Chaque agent de nettoyage de notre \u00e9quipe poss\u00e8de des comp\u00e9tences sp\u00e9cialis\u00e9es, nous permettant de fournir des r\u00e9sultats de qualit\u00e9 sup\u00e9rieure, adapt\u00e9s \u00e0 vos besoins sp\u00e9cifiques. Faites confiance \u00e0 nos services de nettoyage exp\u00e9riment\u00e9s pour des r\u00e9sultats plus rapides et de meilleure qualit\u00e9.<\/p><\/div><div class=\"feature-item page-margin-top\"><div class=\"icon features-team\"><\/div><h4>\u00c9QUIPES FIABLES ET FLEXIBILIT\u00c9<\/h4><p>Nos \u00e9quipes de nettoyage fiables et exp\u00e9riment\u00e9es comprennent vos besoins uniques en mati\u00e8re de nettoyage de bureaux et de maisons. Nous \u00e9laborerons un plan de nettoyage personnalis\u00e9 en fonction de la fr\u00e9quence de nettoyage que vous souhaitez chaque mois et des services sp\u00e9cialis\u00e9s dont vous pourriez avoir besoin. Faites-nous confiance pour r\u00e9pondre \u00e0 vos besoins sp\u00e9cifiques en mati\u00e8re de nettoyage avec professionnalisme et souci du d\u00e9tail.<\/p><\/div><\/div><\/div><\/div><div class=\"vc_row wpb_row vc_row-fluid padding-top-89 padding-bottom-96 vc_custom_1510313571069 vc_row-has-fill page-margin-top-section full-width cm-parallax cm-overlay\"><div class=\"wpb_column vc_column_container vc_col-sm-12\"><div class=\"wpb_wrapper\"><div class=\"vc_row wpb_row vc_inner vc_row-fluid\"><div class=\"wpb_column vc_column_container vc_col-sm-12\"><div class=\"vc_column-inner\"><div class=\"wpb_wrapper\"><h2 class=\"box-header white\">RIEN N'EST PLUS IMPORTANT<\/h2>\n\t<div class=\"wpb_text_column wpb_content_element description align-center white\" >\n\t\t<div class=\"wpb_wrapper\">\n\t\t\t<p>Nos priorit\u00e9s sont:<\/p>\n\n\t\t<\/div>\n\t<\/div>\n<\/div><\/div><\/div><\/div><div class=\"clearfix tabs margin-top-27 white\" data-interval=\"0\">\n\t\t\t<ul class=\"tabs-navigation clearfix\"><li><a href=\"#our-customers\" class=\"features-team\">NOS CLIENTS<\/a><\/li><li><a href=\"#the-environment\" class=\"features-operator\">COMMUNICATION<\/a><\/li><li><a href=\"#communication\" class=\"features-recycle\">L'ENVIRONNEMENT<\/a><\/li><\/ul>\n\n\t\t\t\n\t\t\t<div id=\"our-customers\" class=\"wpb_tab\">\n\t\t\t\t<div class=\"vc_row wpb_row vc_inner vc_row-fluid\"><div class=\"wpb_column vc_column_container vc_col-sm-12\"><div class=\"vc_column-inner\"><div class=\"wpb_wrapper\">\n\t<div class=\"wpb_text_column wpb_content_element\" >\n\t\t<div class=\"wpb_wrapper\">\n\t\t\t<p>Chez Alina Clean, nous nous engageons \u00e0 fournir \u00e0 nos clients des services de nettoyage exceptionnels, visant \u00e0 atteindre une satisfaction totale. Notre objectif est de b\u00e2tir une relation de confiance et durable, fond\u00e9e sur l'honn\u00eatet\u00e9 et l'int\u00e9grit\u00e9. Nous croyons que la promotion de ces valeurs m\u00e8nera \u00e0 une coop\u00e9ration saine et \u00e0 long terme avec nos clients. D\u00e9couvrez notre engagement envers l'excellence d\u00e8s aujourd'hui !<\/p>\n\n\t\t<\/div>\n\t<\/div>\n<\/div><\/div><\/div><\/div>\n\t\t\t<\/div> \n\t\t\t<div id=\"the-environment\" class=\"wpb_tab\">\n\t\t\t\t<div class=\"vc_row wpb_row vc_inner vc_row-fluid\"><div class=\"wpb_column vc_column_container vc_col-sm-12\"><div class=\"vc_column-inner\"><div class=\"wpb_wrapper\">\n\t<div class=\"wpb_text_column wpb_content_element\" >\n\t\t<div class=\"wpb_wrapper\">\n\t\t\t<p>Une communication claire est essentielle pour \u00e9tablir une relation professionnelle optimale. Elle garantit que les deux parties comprennent les attentes et les exigences, ce qui conduit \u00e0 des r\u00e9sultats positifs et \u00e0 une exp\u00e9rience agr\u00e9able. La priorit\u00e9 accord\u00e9e \u00e0 un dialogue ouvert contribue \u00e0 renforcer la confiance et notre engagement \u00e0 vous servir efficacement.<\/p>\n\n\t\t<\/div>\n\t<\/div>\n<\/div><\/div><\/div><\/div>\n\t\t\t<\/div> \n\t\t\t<div id=\"communication\" class=\"wpb_tab\">\n\t\t\t\t<div class=\"vc_row wpb_row vc_inner vc_row-fluid\"><div class=\"wpb_column vc_column_container vc_col-sm-12\"><div class=\"vc_column-inner\"><div class=\"wpb_wrapper\">\n\t<div class=\"wpb_text_column wpb_content_element\" >\n\t\t<div class=\"wpb_wrapper\">\n\t\t\t<p>Chez Alina Clean, nous utilisons des produits de nettoyage \u00e9cologiques qui nettoient efficacement vos bureaux tout en minimisant les \u00e9missions de produits chimiques nocifs. En choisissant ces produits durables, nous prot\u00e9geons non seulement vos surfaces, mais nous am\u00e9liorons \u00e9galement la qualit\u00e9 de l'air int\u00e9rieur et l'efficacit\u00e9 de notre nettoyage. D\u00e9couvrez les avantages du nettoyage \u00e9cologique avec nous pour un espace de travail plus sain.<\/p>\n\n\t\t<\/div>\n\t<\/div>\n<\/div><\/div><\/div><\/div>\n\t\t\t<\/div> \n\t\t<\/div><\/div><\/div><\/div><div class=\"vc_row wpb_row vc_row-fluid padding-top-89 padding-bottom-96 vc_custom_1504787031868 vc_row-has-fill full-width\"><div class=\"wpb_column vc_column_container vc_col-sm-12\"><div class=\"wpb_wrapper\"><div class=\"vc_row wpb_row vc_inner vc_row-fluid\"><div class=\"wpb_column vc_column_container vc_col-sm-12\"><div class=\"vc_column-inner\"><div class=\"wpb_wrapper\"><h2 class=\"box-header\">NOS SERVICES DE NETTOYAGE<\/h2>\n\t<div class=\"wpb_text_column wpb_content_element description align-center\" >\n\t\t<div class=\"wpb_wrapper\">\n\t\t\t<p>Souhaitez-vous avoir plus de temps libre dans votre emploi du temps charg\u00e9? Laissez-nous vous aider \u00e0 y parvenir!<\/p>\n\n\t\t<\/div>\n\t<\/div>\n<div class=\"carousel-container clearfix margin-top-65\"><ul class=\"services-list clearfix horizontal-carousel\"><li><a href=\"https:\/\/alinaclean.be\/fr\/services\/office-cleaning\/\" title=\"Nettoyage de bureaux\"><img decoding=\"async\" loading=\"lazy\" width=\"480\" height=\"320\" src=\"https:\/\/alinaclean.be\/wp-content\/uploads\/officecleaningAlinaCleanBrussels-480x320.webp\" class=\"attachment-medium-thumb size-medium-thumb wp-post-image\" alt=\"Office cleaning\" title=\"\" srcset=\"https:\/\/alinaclean.be\/wp-content\/uploads\/officecleaningAlinaCleanBrussels-480x320.webp 480w, https:\/\/alinaclean.be\/wp-content\/uploads\/officecleaningAlinaCleanBrussels-960x640.webp 960w, https:\/\/alinaclean.be\/wp-content\/uploads\/officecleaningAlinaCleanBrussels-370x246.webp 370w\" sizes=\"auto, (max-width: 480px) 100vw, 480px\" \/><\/a><h4 class=\"box-header\"><a href=\"https:\/\/alinaclean.be\/fr\/services\/office-cleaning\/\" title=\"Nettoyage de bureaux\">Nettoyage de bureaux<\/a><\/h4><p>Un nettoyage de bureaux professionnel garantit un espace de travail sain et productif. Le nettoyage approfondi des bureaux, des sanitaires et des espaces communs cr\u00e9e un environnement ordonn\u00e9 pour les employ\u00e9s et les clients.<\/p>\n<\/li><li><a href=\"https:\/\/alinaclean.be\/fr\/services\/post-construction-cleaning-brussels\/\" title=\"Apr\u00e8s construction\"><img decoding=\"async\" loading=\"lazy\" width=\"480\" height=\"320\" src=\"https:\/\/alinaclean.be\/wp-content\/uploads\/PostConstructionAlinaClean.webp\" class=\"attachment-medium-thumb size-medium-thumb wp-post-image\" alt=\"Post construction\" title=\"\" srcset=\"https:\/\/alinaclean.be\/wp-content\/uploads\/PostConstructionAlinaClean.webp 480w, https:\/\/alinaclean.be\/wp-content\/uploads\/PostConstructionAlinaClean-300x200.webp 300w, https:\/\/alinaclean.be\/wp-content\/uploads\/PostConstructionAlinaClean-370x246.webp 370w\" sizes=\"auto, (max-width: 480px) 100vw, 480px\" \/><\/a><h4 class=\"box-header\"><a href=\"https:\/\/alinaclean.be\/fr\/services\/post-construction-cleaning-brussels\/\" title=\"Apr\u00e8s construction\">Apr\u00e8s construction<\/a><\/h4><p>Notre service de nettoyage apr\u00e8s construction transforme votre espace nouvellement construit ou r\u00e9nov\u00e9 en un environnement propre et accueillant. Nous \u00e9liminons la poussi\u00e8re, les d\u00e9bris et les r\u00e9sidus de construction, en veillant \u00e0 ce que chaque recoin soit impeccable et pr\u00eat \u00e0 l'emploi.<\/p>\n<\/li><li><a href=\"https:\/\/alinaclean.be\/fr\/services\/car-park-cleaning-services\/\" title=\"Nettoyage d&#039;entretien de garage\"><img decoding=\"async\" loading=\"lazy\" width=\"479\" height=\"320\" src=\"https:\/\/alinaclean.be\/wp-content\/uploads\/Parking4AlinaClean.webp\" class=\"attachment-medium-thumb size-medium-thumb wp-post-image\" alt=\"Garage maintenance cleaning\" title=\"\" srcset=\"https:\/\/alinaclean.be\/wp-content\/uploads\/Parking4AlinaClean.webp 479w, https:\/\/alinaclean.be\/wp-content\/uploads\/Parking4AlinaClean-300x200.webp 300w, https:\/\/alinaclean.be\/wp-content\/uploads\/Parking4AlinaClean-370x246.webp 370w\" sizes=\"auto, (max-width: 479px) 100vw, 479px\" \/><\/a><h4 class=\"box-header\"><a href=\"https:\/\/alinaclean.be\/fr\/services\/car-park-cleaning-services\/\" title=\"Nettoyage d&#039;entretien de garage\">Nettoyage d'entretien de garage<\/a><\/h4><p>Des services de nettoyage professionnels pour les parkings souterrains qui garantissent un environnement s\u00fbr et accueillant. Ce service comprend l'\u00e9limination compl\u00e8te de la salet\u00e9, des d\u00e9bris et des taches, favorisant la propret\u00e9 et am\u00e9liorant l'aspect g\u00e9n\u00e9ral de l'installation.<\/p>\n<\/li><li><a href=\"https:\/\/alinaclean.be\/fr\/services\/after-party-cleaning\/\" title=\"Apr\u00e8s-f\u00eate\"><img decoding=\"async\" loading=\"lazy\" width=\"480\" height=\"317\" src=\"https:\/\/alinaclean.be\/wp-content\/uploads\/AfterPartyCleaning5AlinaClean.webp\" class=\"attachment-medium-thumb size-medium-thumb wp-post-image\" alt=\"After party\" title=\"\" srcset=\"https:\/\/alinaclean.be\/wp-content\/uploads\/AfterPartyCleaning5AlinaClean.webp 480w, https:\/\/alinaclean.be\/wp-content\/uploads\/AfterPartyCleaning5AlinaClean-300x198.webp 300w\" sizes=\"auto, (max-width: 480px) 100vw, 480px\" \/><\/a><h4 class=\"box-header\"><a href=\"https:\/\/alinaclean.be\/fr\/services\/after-party-cleaning\/\" title=\"Apr\u00e8s-f\u00eate\">Apr\u00e8s-f\u00eate<\/a><\/h4><p>Alina Clean propose un service de nettoyage apr\u00e8s-f\u00eate professionnel, prenant en charge toutes les zones, y compris les cuisines et les salles de bain. Nous \u00e9liminons les d\u00e9chets, les d\u00e9versements et les restes, en restaurant votre espace rapidement et efficacement.<\/p>\n<\/li><li><a href=\"https:\/\/alinaclean.be\/fr\/services\/it-equipment-cleaning\/\" title=\"Nettoyage de mat\u00e9riel informatique\"><img decoding=\"async\" loading=\"lazy\" width=\"480\" height=\"320\" src=\"https:\/\/alinaclean.be\/wp-content\/uploads\/ITequipmentAlinaClean.webp\" class=\"attachment-medium-thumb size-medium-thumb wp-post-image\" alt=\"IT Equipment Cleaning\" title=\"\" srcset=\"https:\/\/alinaclean.be\/wp-content\/uploads\/ITequipmentAlinaClean.webp 480w, https:\/\/alinaclean.be\/wp-content\/uploads\/ITequipmentAlinaClean-300x200.webp 300w, https:\/\/alinaclean.be\/wp-content\/uploads\/ITequipmentAlinaClean-370x246.webp 370w\" sizes=\"auto, (max-width: 480px) 100vw, 480px\" \/><\/a><h4 class=\"box-header\"><a href=\"https:\/\/alinaclean.be\/fr\/services\/it-equipment-cleaning\/\" title=\"Nettoyage de mat\u00e9riel informatique\">Nettoyage de mat\u00e9riel informatique<\/a><\/h4><p>Nous assurons un nettoyage expert pour tous les \u00e9quipements informatiques, garantissant une performance optimale et l'hygi\u00e8ne en \u00e9liminant la poussi\u00e8re, les d\u00e9bris et les germes des \u00e9crans, des claviers, des postes de travail, et plus encore.<\/p>\n<\/li><\/ul><div class=\"cm-carousel-pagination\"><\/div><\/div><\/div><\/div><\/div><\/div><\/div><\/div><\/div><div class=\"vc_row wpb_row vc_row-fluid page-margin-top-section\"><div class=\"wpb_column vc_column_container vc_col-sm-6\"><div class=\"wpb_wrapper\"><div class=\"vc_row wpb_row vc_inner vc_row-fluid\"><div class=\"wpb_column vc_column_container vc_col-sm-6\"><div class=\"vc_column-inner\"><div class=\"wpb_wrapper\">\n\t<div  class=\"wpb_single_image wpb_content_element vc_align_left wpb_content_element  cm-lightbox\">\n\t\t\n\t\t<figure class=\"wpb_wrapper vc_figure\">\n\t\t\t<div class=\"vc_single_image-wrapper   vc_box_border_grey\"><img decoding=\"async\" class=\"vc_single_image-img\"  src=\"https:\/\/alinaclean.be\/photo\/AlinaCleanTeam.webp\" \/><\/div>\n\t\t<\/figure>\n\t<\/div>\n\n\t<div  class=\"wpb_single_image wpb_content_element vc_align_left wpb_content_element  cm-lightbox margin-top-30\">\n\t\t\n\t\t<figure class=\"wpb_wrapper vc_figure\">\n\t\t\t<div class=\"vc_single_image-wrapper   vc_box_border_grey\"><img decoding=\"async\" class=\"vc_single_image-img\"  src=\"https:\/\/alinaclean.be\/photo\/AlinaCleanaboutkitchen.webp\" \/><\/div>\n\t\t<\/figure>\n\t<\/div>\n<\/div><\/div><\/div><div class=\"wpb_column vc_column_container vc_col-sm-6\"><div class=\"vc_column-inner\"><div class=\"wpb_wrapper\">\n\t<div  class=\"wpb_single_image wpb_content_element vc_align_left wpb_content_element  cm-lightbox\">\n\t\t\n\t\t<figure class=\"wpb_wrapper vc_figure\">\n\t\t\t<div class=\"vc_single_image-wrapper   vc_box_border_grey\"><img decoding=\"async\" class=\"vc_single_image-img\"  src=\"https:\/\/alinaclean.be\/photo\/AlinaCleanaboutoffices.webp\" \/><\/div>\n\t\t<\/figure>\n\t<\/div>\n<\/div><\/div><\/div><\/div><\/div><\/div><div class=\"wpb_column vc_column_container vc_col-sm-6\"><div class=\"wpb_wrapper\"><h2 class=\"box-header\">\u00c0 PROPOS DE NOTRE ENTREPRISE<\/h2>\n\t<div class=\"wpb_text_column wpb_content_element description align-center\" >\n\t\t<div class=\"wpb_wrapper\">\n\t\t\t<p>Bruxelles et ses environs<\/p>\n\n\t\t<\/div>\n\t<\/div>\n\n\t<div class=\"wpb_text_column wpb_content_element align-center padding-0 margin-top-27 padding-left-right-35\" >\n\t\t<div class=\"wpb_wrapper\">\n\t\t\t<p>Alina Clean propose des services de nettoyage fiables pour les particuliers et les entreprises \u00e0 Bruxelles. En mettant l'accent sur des relations clients solides et l'accessibilit\u00e9 financi\u00e8re, nous avons construit une client\u00e8le fid\u00e8le au fil des ans, devenant ainsi un choix de confiance pour les besoins de nettoyage.<\/p>\n\n\t\t<\/div>\n\t<\/div>\n<div class=\"vc_row wpb_row vc_inner vc_row-fluid align-center padding-bottom-16 page-margin-top\"><div class=\"wpb_column vc_column_container vc_col-sm-12\"><div class=\"vc_column-inner\"><div class=\"wpb_wrapper\"><a class=\"more\" href=\"https:\/\/alinaclean.be\/fr\/contact-page\/\" title=\"D\u00e9couvrez-en plus\">D\u00e9couvrez-en plus<\/a><\/div><\/div><\/div><\/div><\/div><\/div><\/div><div class=\"vc_row wpb_row vc_row-fluid page-margin-top-section\"><div class=\"wpb_column vc_column_container vc_col-sm-12\"><div class=\"wpb_wrapper\"><\/div><\/div><\/div><div class=\"vc_row wpb_row vc_row-fluid padding-top-112 padding-bottom-115 vc_custom_1510313757879 vc_row-has-fill full-width cm-parallax cm-overlay\"><div class=\"wpb_column vc_column_container vc_col-sm-12\"><div class=\"wpb_wrapper\"><div class=\"vc_row wpb_row vc_inner vc_row-fluid\"><div class=\"wpb_column vc_column_container vc_col-sm-12\"><div class=\"vc_column-inner\"><div class=\"wpb_wrapper\"><div class=\"testimonials-container type-small\"><div class=\"cm-carousel-pagination\"><\/div><ul class=\"testimonials-list testimonials-carousel autoplay-1 pause_on_hover-1 scroll-1 effect-scroll easing-easeInOutQuint duration-750\"><li>\r\n\t\t\t\t\t\t\r\n\t\t\t\t\t\t<p class=\"template-quote\">Ils nettoient mon bureau depuis deux ans. Ils sont professionnels et font toujours un excellent travail.<\/p>\r\n\t\t\t\t\t\t<div class=\"author-details-box\">\r\n\t\t\t\t\t\t<div class=\"author\">Brent F.<\/div>\r\n\t\t\t\t\t\t<div class=\"author-details\">Zaventem<\/div>\r\n\t\t\t\t\t\t<\/div>\r\n\t\t\t\t\t<\/li><li>\r\n\t\t\t\t\t\t\r\n\t\t\t\t\t\t<p class=\"template-quote\">J'ai \u00e9t\u00e9 extr\u00eamement satisfait du travail des dames. Tout a \u00e9t\u00e9 fait exactement comme je le souhaitais. C'\u00e9tait formidable de ne pas avoir \u00e0 v\u00e9rifier que tout \u00e9tait bien fait. Je sais que je peux \u00eatre un peu exigeant en mati\u00e8re de nettoyage, car j'aime que tout soit impeccable. Je leur donne une note de 5 sur 5. Je recommanderai certainement votre entreprise \u00e0 tous ceux que je connais qui recherchent de bons agents de nettoyage.<\/p>\r\n\t\t\t\t\t\t<div class=\"author-details-box\">\r\n\t\t\t\t\t\t<div class=\"author\">Hanno Janssen<\/div>\r\n\t\t\t\t\t\t<div class=\"author-details\">Leuven<\/div>\r\n\t\t\t\t\t\t<\/div>\r\n\t\t\t\t\t<\/li><li>\r\n\t\t\t\t\t\t\r\n\t\t\t\t\t\t<p class=\"template-quote\">C'\u00e9tait merveilleux de rentrer \u00e0 la maison et de trouver une maison propre, sans aucune odeur de produits chimiques. Mon mari \u00e9tait particuli\u00e8rement content de ne pas avoir de maux de t\u00eate apr\u00e8s.<\/p>\r\n\t\t\t\t\t\t<div class=\"author-details-box\">\r\n\t\t\t\t\t\t<div class=\"author\">Martine Colmant<\/div>\r\n\t\t\t\t\t\t<div class=\"author-details\">Woluwe-Saint-Lambert<\/div>\r\n\t\t\t\t\t\t<\/div>\r\n\t\t\t\t\t<\/li><li>\r\n\t\t\t\t\t\t\r\n\t\t\t\t\t\t<p>Je regrette seulement de ne pas avoir pris de photos avant et apr\u00e8s. L'\u00e9quipe d'Alina Clean a fait un travail fantastique. Nos locataires avaient laiss\u00e9 l'endroit dans un \u00e9tat tellement horrible que j'avais envie de pleurer, mais apr\u00e8s le nettoyage, j'\u00e9tais si heureux(se). Je ferai de nouveau appel \u00e0 eux et je les recommanderais \u00e0 tout le monde. Merci d'avoir redonn\u00e9 vie \u00e0 ma maison !<\/p>\r\n\t\t\t\t\t\t<div class=\"author-details-box\">\r\n\t\t\t\t\t\t<div class=\"author\">Sophie Brohee<\/div>\r\n\t\t\t\t\t\t<div class=\"author-details\">Uccle<\/div>\r\n\t\t\t\t\t\t<\/div>\r\n\t\t\t\t\t<\/li><\/ul><\/div><\/div><\/div><\/div><\/div><\/div><\/div><\/div>\n<\/div>","protected":false},"excerpt":{"rendered":"WHY CHOOSE US Alina Clean is a professional cleaning business located in Brussels, offering a wide range of cleaning services throughout the city and its surrounding areas. Choose us for our outstanding reputation for excellence in quality and customer satisfaction. Experience the difference with Alina Clean today! IMMEDIATE RESPONSE AND 24\/7 SUPPORTContact us through phone,","protected":false},"author":1,"featured_media":0,"parent":0,"menu_order":0,"comment_status":"closed","ping_status":"closed","template":"template-home.php","meta":{"nf_dc_page":"","footnotes":""},"class_list":["post-1182","page","type-page","status-publish","hentry"],"yoast_head":"<!-- This site is optimized with the Yoast SEO Premium plugin v27.4 (Yoast SEO v27.5) - https:\/\/yoast.com\/product\/yoast-seo-premium-wordpress\/ -->\n<title>Home - Alina Clean<\/title>\n<meta name=\"robots\" content=\"index, follow, max-snippet:-1, max-image-preview:large, max-video-preview:-1\" \/>\n<link rel=\"canonical\" href=\"https:\/\/alinaclean.be\/fr\/\" \/>\n<meta property=\"og:locale\" content=\"fr_FR\" \/>\n<meta property=\"og:type\" content=\"article\" \/>\n<meta property=\"og:title\" content=\"Home\" \/>\n<meta property=\"og:url\" content=\"https:\/\/alinaclean.be\/fr\/\" \/>\n<meta property=\"og:site_name\" content=\"Alina Clean\" \/>\n<meta property=\"article:modified_time\" content=\"2025-01-10T13:34:46+00:00\" \/>\n<meta name=\"twitter:card\" content=\"summary_large_image\" \/>\n<meta name=\"twitter:label1\" content=\"Dur\u00e9e de lecture est.\" \/>\n\t<meta name=\"twitter:data1\" content=\"7 minutes\" \/>\n<script type=\"application\/ld+json\" class=\"yoast-schema-graph\">{\"@context\":\"https:\\\/\\\/schema.org\",\"@graph\":[{\"@type\":\"WebPage\",\"@id\":\"https:\\\/\\\/alinaclean.be\\\/\",\"url\":\"https:\\\/\\\/alinaclean.be\\\/\",\"name\":\"Home - Alina Clean\",\"isPartOf\":{\"@id\":\"https:\\\/\\\/alinaclean.be\\\/#website\"},\"datePublished\":\"2017-08-31T09:38:05+00:00\",\"dateModified\":\"2025-01-10T13:34:46+00:00\",\"breadcrumb\":{\"@id\":\"https:\\\/\\\/alinaclean.be\\\/#breadcrumb\"},\"inLanguage\":\"fr-BE\",\"potentialAction\":[{\"@type\":\"ReadAction\",\"target\":[\"https:\\\/\\\/alinaclean.be\\\/\"]}]},{\"@type\":\"BreadcrumbList\",\"@id\":\"https:\\\/\\\/alinaclean.be\\\/#breadcrumb\",\"itemListElement\":[{\"@type\":\"ListItem\",\"position\":1,\"name\":\"Home\",\"item\":\"https:\\\/\\\/alinaclean.be\\\/\"},{\"@type\":\"ListItem\",\"position\":2,\"name\":\"Home\"}]},{\"@type\":\"WebSite\",\"@id\":\"https:\\\/\\\/alinaclean.be\\\/#website\",\"url\":\"https:\\\/\\\/alinaclean.be\\\/\",\"name\":\"Alina Clean\",\"description\":\"Cleaning made easy\",\"potentialAction\":[{\"@type\":\"SearchAction\",\"target\":{\"@type\":\"EntryPoint\",\"urlTemplate\":\"https:\\\/\\\/alinaclean.be\\\/?s={search_term_string}\"},\"query-input\":{\"@type\":\"PropertyValueSpecification\",\"valueRequired\":true,\"valueName\":\"search_term_string\"}}],\"inLanguage\":\"fr-BE\"}]}<\/script>\n<!-- \/ Yoast SEO Premium plugin. -->","yoast_head_json":{"title":"Home - Alina Clean","robots":{"index":"index","follow":"follow","max-snippet":"max-snippet:-1","max-image-preview":"max-image-preview:large","max-video-preview":"max-video-preview:-1"},"canonical":"https:\/\/alinaclean.be\/fr\/","og_locale":"fr_FR","og_type":"article","og_title":"Home","og_url":"https:\/\/alinaclean.be\/fr\/","og_site_name":"Alina Clean","article_modified_time":"2025-01-10T13:34:46+00:00","twitter_card":"summary_large_image","twitter_misc":{"Dur\u00e9e de lecture est.":"7 minutes"},"schema":{"@context":"https:\/\/schema.org","@graph":[{"@type":"WebPage","@id":"https:\/\/alinaclean.be\/","url":"https:\/\/alinaclean.be\/","name":"Home - Alina Clean","isPartOf":{"@id":"https:\/\/alinaclean.be\/#website"},"datePublished":"2017-08-31T09:38:05+00:00","dateModified":"2025-01-10T13:34:46+00:00","breadcrumb":{"@id":"https:\/\/alinaclean.be\/#breadcrumb"},"inLanguage":"fr-BE","potentialAction":[{"@type":"ReadAction","target":["https:\/\/alinaclean.be\/"]}]},{"@type":"BreadcrumbList","@id":"https:\/\/alinaclean.be\/#breadcrumb","itemListElement":[{"@type":"ListItem","position":1,"name":"Home","item":"https:\/\/alinaclean.be\/"},{"@type":"ListItem","position":2,"name":"Home"}]},{"@type":"WebSite","@id":"https:\/\/alinaclean.be\/#website","url":"https:\/\/alinaclean.be\/","name":"Alina Clean","description":"Cleaning made easy","potentialAction":[{"@type":"SearchAction","target":{"@type":"EntryPoint","urlTemplate":"https:\/\/alinaclean.be\/?s={search_term_string}"},"query-input":{"@type":"PropertyValueSpecification","valueRequired":true,"valueName":"search_term_string"}}],"inLanguage":"fr-BE"}]}},"_links":{"self":[{"href":"https:\/\/alinaclean.be\/fr\/wp-json\/wp\/v2\/pages\/1182","targetHints":{"allow":["GET"]}}],"collection":[{"href":"https:\/\/alinaclean.be\/fr\/wp-json\/wp\/v2\/pages"}],"about":[{"href":"https:\/\/alinaclean.be\/fr\/wp-json\/wp\/v2\/types\/page"}],"author":[{"embeddable":true,"href":"https:\/\/alinaclean.be\/fr\/wp-json\/wp\/v2\/users\/1"}],"replies":[{"embeddable":true,"href":"https:\/\/alinaclean.be\/fr\/wp-json\/wp\/v2\/comments?post=1182"}],"version-history":[{"count":20,"href":"https:\/\/alinaclean.be\/fr\/wp-json\/wp\/v2\/pages\/1182\/revisions"}],"predecessor-version":[{"id":1499,"href":"https:\/\/alinaclean.be\/fr\/wp-json\/wp\/v2\/pages\/1182\/revisions\/1499"}],"wp:attachment":[{"href":"https:\/\/alinaclean.be\/fr\/wp-json\/wp\/v2\/media?parent=1182"}],"curies":[{"name":"wp","href":"https:\/\/api.w.org\/{rel}","templated":true}]}}